

{"id":28296,"date":"2025-05-21T23:36:35","date_gmt":"2025-05-21T20:36:35","guid":{"rendered":"https:\/\/kymba.gr\/kullanim-kosullari\/"},"modified":"2025-05-21T23:36:35","modified_gmt":"2025-05-21T20:36:35","slug":"kullanim-kosullari","status":"publish","type":"page","link":"https:\/\/kymba.gr\/tr\/kullanim-kosullari\/","title":{"rendered":"Kullan\u0131m Ko\u015fullar\u0131"},"content":{"rendered":"<p><strong>Kullan\u0131m Ko\u015fullar\u0131 &#8211; Telif Hakk\u0131<\/strong><\/p>\n<p>Bu web sitesinde sunulan t\u00fcm i\u00e7erik ve hizmetler, ziyaret\u00e7ilere ve kullan\u0131c\u0131lara yaln\u0131zca ki\u015fisel kullan\u0131m ve bilgilendirme amac\u0131yla sunulmaktad\u0131r. Web sitesinin i\u00e7eri\u011finin ve sunulan hizmetlerin k\u0131smen veya \u00f6zet olarak herhangi bir \u015fekilde kullan\u0131lmas\u0131, \u00e7o\u011falt\u0131lmas\u0131, yeniden yay\u0131mlanmas\u0131, kopyalanmas\u0131, saklanmas\u0131, sat\u0131lmas\u0131, iletilmesi, da\u011f\u0131t\u0131lmas\u0131, yay\u0131mlanmas\u0131, y\u00fcr\u00fct\u00fclmesi, indirilmesi (download), \u00e7evrilmesi veya de\u011fi\u015ftirilmesi \u00f6nceden izin al\u0131nmaks\u0131z\u0131n kesinlikle yasakt\u0131r.<\/p>\n<p>\u0130stisna olarak, i\u00e7eri\u011fin b\u00f6l\u00fcmlerinin ticari veya ba\u015fka bir ama\u00e7la kullan\u0131lmaks\u0131z\u0131n, kesinlikle ki\u015fisel kullan\u0131m i\u00e7in basit bir ki\u015fisel bilgisayarda tek tek saklanmas\u0131na ve kopyalanmas\u0131na ve her zaman kayna\u011f\u0131n\u0131n belirtilmesi ko\u015fuluyla izin verilir; bu, hi\u00e7bir \u015fekilde fikri m\u00fclkiyet haklar\u0131n\u0131n devredildi\u011fi anlam\u0131na gelmez ve onu koruyan fikri m\u00fclkiyet haklar\u0131n\u0131n etkilenmemesi \u015fart\u0131yla. Web sitesinde g\u00f6r\u00fcnen metinler, grafikler ve resimler, yarat\u0131c\u0131lar\u0131n\u0131n telif haklar\u0131 (telif hakk\u0131) ile korunmaktad\u0131r (2121\/93 say\u0131l\u0131 Kanun, Madde 3, Madde 38, Avrupa ve uluslararas\u0131 hukuk temelinde) ve ilgili sorumlu ki\u015finin yaz\u0131l\u0131 izni olmaks\u0131z\u0131n hi\u00e7bir \u015fekilde \u00e7o\u011falt\u0131lamaz. Malzemenin de\u011fi\u015ftirilmesi veya ba\u015fka ama\u00e7larla kullan\u0131lmas\u0131 yasakt\u0131r.<\/p>\n<p>Bu nedenle, tamamen veya k\u0131smen sat\u0131lmas\u0131, kopyalanmas\u0131, de\u011fi\u015ftirilmesi, \u00e7o\u011falt\u0131lmas\u0131, yeniden yay\u0131mlanmas\u0131 veya herhangi bir \u015fekilde &#8220;y\u00fcklenmesi&#8221;, iletilmesi veya da\u011f\u0131t\u0131lmas\u0131 yasakt\u0131r.<\/p>\n<p>D\u00fc\u011f\u00fcm\u00fcn web sayfalar\u0131nda belirtilen ve ilgili kurulu\u015flar\u0131n, \u015firketlerin, ortak kurulu\u015flar\u0131n, derneklerin veya yay\u0131nlar\u0131n markalar\u0131n\u0131 ta\u015f\u0131yan di\u011fer \u00fcr\u00fcnler veya hizmetler, kendi fikri ve s\u0131nai m\u00fclkiyetleridir ve bu nedenle bu kurulu\u015flar ilgili sorumlulu\u011fu ta\u015f\u0131r.<\/p>\n<p>Web sitesindeki belirli formlarda beyan edilebilecek ve <a href=\"https:\/\/kymba.gr\/tr\">KYMBA.GR<\/a> taraf\u0131ndan tutulan veritabanlar\u0131na kaydedilebilecek kullan\u0131c\u0131 veya ziyaret\u00e7i verileri, hi\u00e7bir ticari veya ba\u015fka bir nedenle kullan\u0131lmayacak veya a\u00e7\u0131klanmayacakt\u0131r. Ki\u015fisel verilerin a\u00e7\u0131klanmas\u0131na ili\u015fkin tek istisna, <a href=\"https:\/\/kymba.gr\/tr\">KYMBA.GR<\/a> &#8216;nin yasal i\u015flemler \u00e7er\u00e7evesinde ve talep edilmesi halinde, k\u0131smen veya tamamen bir kamu yarg\u0131 veya idari makam\u0131na ilgili bir a\u00e7\u0131klamada bulunma y\u00fck\u00fcml\u00fcl\u00fc\u011f\u00fcd\u00fcr.<\/p>\n<p><strong>Kullan\u0131c\u0131 Y\u00fck\u00fcml\u00fcl\u00fckleri<\/strong><\/p>\n<p><a href=\"https:\/\/kymba.gr\/tr\">KYMBA.GR<\/a> kullan\u0131c\u0131lar\u0131, <a href=\"https:\/\/kymba.gr\/tr\">KYMBA.GR<\/a> &#8216;yi temsil eden ve m\u00fcnhas\u0131ran \u015firketin ticari markalar\u0131 ve ay\u0131rt edici \u00f6zellikleri olan adlar\u0131, resimleri, logolar\u0131 ve ay\u0131rt edici \u00f6zellikleri, yasa d\u0131\u015f\u0131, zararl\u0131, tehdit edici, rahats\u0131z edici, taciz edici, iftira niteli\u011finde, hakaret i\u00e7eren, kaba, m\u00fcstehcen, ba\u015fka birinin mahremiyetini ihlal eden, empati g\u00f6steren veya \u0131rksal, etnik veya di\u011fer ayr\u0131mc\u0131l\u0131klar\u0131 ifade eden, k\u00fc\u00e7\u00fcklere herhangi bir \u015fekilde zarar verebilecek, yasalara veya s\u00f6zle\u015fmeye veya idari ili\u015fkilere (i\u015f ili\u015fkilerinin bir par\u00e7as\u0131 olarak edinilen veya a\u00e7\u0131klanan veya gizlilik s\u00f6zle\u015fmeleri kapsam\u0131nda olan dahili bilgiler, m\u00fclkiyet ve gizli bilgiler gibi) uygun olarak iletilme hakk\u0131 olmayan, herhangi bir patenti, ticari markay\u0131, ticari s\u0131rr\u0131, telif hakk\u0131n\u0131 veya \u00fc\u00e7\u00fcnc\u00fc \u015fah\u0131slar\u0131n di\u011fer m\u00fclkiyet haklar\u0131n\u0131 ihlal eden, yaz\u0131l\u0131m vir\u00fcsleri veya herhangi bir bilgisayar yaz\u0131l\u0131m\u0131n\u0131n veya donan\u0131m\u0131n\u0131n \u00e7al\u0131\u015fmas\u0131n\u0131 kesintiye u\u011fratmak, hasara neden olmak, yok etmek veya engellemek amac\u0131yla tasarlanm\u0131\u015f di\u011fer kodlar\u0131, dosyalar\u0131 veya programlar\u0131 i\u00e7eren, kas\u0131tl\u0131 veya kas\u0131ts\u0131z olarak y\u00fcr\u00fcrl\u00fckteki Yunan ve AB mevzuat\u0131n\u0131 ve h\u00fck\u00fcmlerini ihlal eden, \u00fc\u00e7\u00fcnc\u00fc \u015fah\u0131slar\u0131 herhangi bir \u015fekilde taciz edebilecek ve kullan\u0131c\u0131lar\u0131n ki\u015fisel verilerini toplamak veya saklamak i\u00e7in kullan\u0131lan herhangi bir i\u00e7eri\u011fi g\u00f6ndermek, yay\u0131nlamak, e-posta ile g\u00f6ndermek veya ba\u015fka yollarla iletmek i\u00e7in kullanmayacaklar\u0131n\u0131 kabul ederler.<\/p>\n","protected":false},"excerpt":{"rendered":"<p>Kullan\u0131m Ko\u015fullar\u0131 &#8211; Telif Hakk\u0131 Bu web sitesinde sunulan t\u00fcm i\u00e7erik ve hizmetler, ziyaret\u00e7ilere ve kullan\u0131c\u0131lara yaln\u0131zca ki\u015fisel kullan\u0131m ve bilgilendirme amac\u0131yla sunulmaktad\u0131r. Web sitesinin i\u00e7eri\u011finin ve sunulan hizmetlerin k\u0131smen veya \u00f6zet olarak herhangi bir \u015fekilde kullan\u0131lmas\u0131, \u00e7o\u011falt\u0131lmas\u0131, yeniden yay\u0131mlanmas\u0131, kopyalanmas\u0131, saklanmas\u0131, sat\u0131lmas\u0131, iletilmesi, da\u011f\u0131t\u0131lmas\u0131, yay\u0131mlanmas\u0131, y\u00fcr\u00fct\u00fclmesi, indirilmesi (download), \u00e7evrilmesi veya de\u011fi\u015ftirilmesi \u00f6nceden izin al\u0131nmaks\u0131z\u0131n [&hellip;]<\/p>\n","protected":false},"author":2,"featured_media":0,"parent":0,"menu_order":0,"comment_status":"closed","ping_status":"closed","template":"template\/template-page.php","meta":{"_acf_changed":false,"footnotes":""},"class_list":["post-28296","page","type-page","status-publish","hentry"],"acf":[],"_links":{"self":[{"href":"https:\/\/kymba.gr\/tr\/wp-json\/wp\/v2\/pages\/28296","targetHints":{"allow":["GET"]}}],"collection":[{"href":"https:\/\/kymba.gr\/tr\/wp-json\/wp\/v2\/pages"}],"about":[{"href":"https:\/\/kymba.gr\/tr\/wp-json\/wp\/v2\/types\/page"}],"author":[{"embeddable":true,"href":"https:\/\/kymba.gr\/tr\/wp-json\/wp\/v2\/users\/2"}],"replies":[{"embeddable":true,"href":"https:\/\/kymba.gr\/tr\/wp-json\/wp\/v2\/comments?post=28296"}],"version-history":[{"count":0,"href":"https:\/\/kymba.gr\/tr\/wp-json\/wp\/v2\/pages\/28296\/revisions"}],"wp:attachment":[{"href":"https:\/\/kymba.gr\/tr\/wp-json\/wp\/v2\/media?parent=28296"}],"curies":[{"name":"wp","href":"https:\/\/api.w.org\/{rel}","templated":true}]}}