

{"id":28291,"date":"2025-05-09T18:50:00","date_gmt":"2025-05-09T15:50:00","guid":{"rendered":"https:\/\/kymba.gr\/gizlilik-politikasi\/"},"modified":"2025-05-09T18:50:00","modified_gmt":"2025-05-09T15:50:00","slug":"gizlilik-politikasi","status":"publish","type":"page","link":"https:\/\/kymba.gr\/tr\/gizlilik-politikasi\/","title":{"rendered":"Gizlilik Politikas\u0131"},"content":{"rendered":"<p><strong>K\u0130\u015e\u0130SEL VER\u0130LER\u0130N KORUNMASI<\/strong><\/p>\n<p>Web sitemizi ziyaret eden herkesin gizlili\u011finin, ki\u015fisel bilgilerinin ve verilerinin korunmas\u0131, t\u00fcm hizmetlerimizden m\u00fcmk\u00fcn olan en y\u00fcksek g\u00fcvenlikle yararlanabilmeniz i\u00e7in \u00f6nceli\u011fimizdir.<\/p>\n<p>Bu s\u00fcrekli \u00e7aban\u0131n bir par\u00e7as\u0131 olarak, a\u015fa\u011f\u0131da i\u015fledi\u011fimiz verilerin niteli\u011fini ve i\u015flenme \u015feklini ve bu konudaki haklar\u0131n\u0131z\u0131 a\u00e7\u0131klayaca\u011f\u0131z. Web Sitesine g\u00f6z atman\u0131z ve kullanman\u0131z, bu Ki\u015fisel Verilerin Korunmas\u0131 Ko\u015fullar\u0131n\u0131 a\u00e7\u0131k\u00e7a ve net bir \u015fekilde kabul etti\u011finiz ve onaylad\u0131\u011f\u0131n\u0131z anlam\u0131na gelir. Veri sorumlusu olarak \u015eirket, y\u00fcr\u00fcrl\u00fckteki mevzuata uygun olarak ki\u015fisel verilerinizin m\u00fcmk\u00fcn olan en \u00fcst d\u00fczeyde korunmas\u0131 i\u00e7in gerekli t\u00fcm \u00f6nlemleri alm\u0131\u015ft\u0131r. Ancak, internet \u00fczerinden veri aktar\u0131m\u0131 tamamen g\u00fcvenli de\u011fildir ve her t\u00fcrl\u00fc veri aktar\u0131m\u0131 kendi sorumlulu\u011funuzdad\u0131r.<\/p>\n<p><strong>i) Ki\u015fisel veri nedir?<\/strong><\/p>\n<p>Ki\u015fisel veri, bu web sitesini kullanan siz ger\u00e7ek ki\u015filere at\u0131fta bulunan ve kimli\u011finizin bilinmesine veya do\u011frulanmas\u0131na yol a\u00e7abilecek her t\u00fcrl\u00fc bilgidir. \u00d6rnek olarak ad\u0131n\u0131z, soyad\u0131n\u0131z, adresiniz, telefon numaran\u0131z, e-postan\u0131z vb. bilgiler bu t\u00fcr bilgilere dahildir.<\/p>\n<p>Ki\u015fisel verilerin i\u015flenmesi, ki\u015fisel veriler veya ki\u015fisel veri setleri \u00fczerinde otomatik olan veya olmayan yollarla ger\u00e7ekle\u015ftirilen toplama, kaydetme, d\u00fczenleme, yap\u0131land\u0131rma, depolama, uyarlama, de\u011fi\u015ftirme, geri alma, dan\u0131\u015fma, kullanma, aktarma yoluyla a\u00e7\u0131klama, yayma veya ba\u015fka bir \u015fekilde kullan\u0131ma sunma, hizalama, birle\u015ftirme, k\u0131s\u0131tlama, silme veya yok etme gibi herhangi bir i\u015flem veya i\u015flemler dizisidir (Genel Veri Koruma Y\u00f6netmeli\u011fi&#8217;nin 4(1)&amp;(2) Maddeleri).<\/p>\n<p><strong>ii) Bilgi Toplama<\/strong><\/p>\n<p>KYMBA.GR, web sitesini, kullan\u0131c\u0131lar\u0131n\u0131n kimliklerini if\u015fa etmeye gerek kalmadan ziyaret edebilmeleri i\u00e7in tasarlam\u0131\u015ft\u0131r, tabii e\u011fer kendileri istemezlerse. Web sitemizin ziyaret\u00e7ilerinden, yaln\u0131zca web sitemize kaydolmak ve\/veya info@kymba.gr adresine e-posta g\u00f6ndermek istedikleri takdirde ki\u015fisel verilerini bize vermeleri istenir.<\/p>\n<p>\u015eirketimizin toplad\u0131\u011f\u0131 ki\u015fisel veriler, Avrupa ve Ulusal mevzuat taraf\u0131ndan belirtilen \u00f6zel kategorideki verileri, \u00f6zellikle \u0131rksal veya etnik k\u00f6ken, siyasi g\u00f6r\u00fc\u015fler, dini veya felsefi inan\u00e7lar veya sendika \u00fcyeli\u011fi ile ilgili verileri, ayr\u0131ca genetik, biyometrik verileri, sa\u011fl\u0131kla ilgili verileri veya bir ger\u00e7ek ki\u015finin cinsel hayat\u0131 veya cinsel y\u00f6nelimi ile ilgili verileri hi\u00e7bir \u015fekilde i\u00e7ermez. \u015eirketimizin toplad\u0131\u011f\u0131 ki\u015fisel veriler, cezai mahkumiyetler, su\u00e7lar veya ilgili g\u00fcvenlik \u00f6nlemleri ile ilgili de\u011fildir.<\/p>\n<p>Bu nedenle, Web Sitemizi ziyaret etti\u011finizde, bize bir e-posta g\u00f6nderdi\u011finizde ve Web Sitemizin ileti\u015fim formu arac\u0131l\u0131\u011f\u0131yla bizimle ileti\u015fime ge\u00e7ti\u011finizde, zorunlu olarak ve yaln\u0131zca hizmetlerimizi sunma ve sizinle ileti\u015fim kurma amac\u0131yla baz\u0131 ki\u015fisel verilerinizi toplar, i\u015fler ve kullan\u0131r\u0131z. Bu eylemler yaln\u0131zca sizin onay\u0131n\u0131zla ve size sundu\u011fumuz hizmetin yerine getirilmesinin kat\u0131 \u00e7er\u00e7evesi i\u00e7inde ger\u00e7ekle\u015ftirilir. Verilerinizin korunmas\u0131na ili\u015fkin Avrupa ve Ulusal hukuk h\u00fck\u00fcmlerine uydu\u011fumuzu ve s\u0131z\u0131nt\u0131 veya imha riskini en aza indirmek i\u00e7in bunlar\u0131 en g\u00fcvenli ve g\u00fcvenilir \u015fekilde y\u00f6netti\u011fimizi a\u00e7\u0131k\u00e7a beyan ederiz.<\/p>\n<p>E-posta veya ilgili ileti\u015fim formu arac\u0131l\u0131\u011f\u0131yla bizimle ileti\u015fiminiz ba\u011flam\u0131nda ki\u015fisel verilerinizin taraf\u0131n\u0131zca bize sa\u011fland\u0131\u011f\u0131 durumlarda, bu ki\u015fisel verilerin yaln\u0131zca size hizmet verme amac\u0131yla kullan\u0131lmas\u0131n\u0131 kabul etti\u011finiz ve onay verdi\u011finiz varsay\u0131l\u0131r ki bu ama\u00e7, bizimle olan ileti\u015fiminizin ilgili i\u00e7eri\u011fi taraf\u0131ndan belirlenecektir.<\/p>\n<p>Yukar\u0131dakileri \u00f6zetlemek gerekirse, ki\u015fisel verilerinizin taraf\u0131m\u0131zca toplanmas\u0131, saklanmas\u0131 ve i\u015flenmesi sizin onay\u0131n\u0131za ve duruma g\u00f6re, aram\u0131zdaki s\u00f6zle\u015fmelerin y\u00fcr\u00fct\u00fclmesi, size hizmet sunulmas\u0131 veya taleplerinize ve\/veya sorular\u0131n\u0131za yan\u0131t verilmesi i\u00e7in bunlar\u0131n toplanmas\u0131n\u0131n, saklanmas\u0131n\u0131n ve i\u015flenmesinin gereklili\u011fine dayanmaktad\u0131r.<\/p>\n<p><strong>iii) Veri \u0130\u015fleme<\/strong><\/p>\n<p>T\u00fcm verileri yasalara uygun olarak i\u015fliyoruz. \u015eirket, verileri size web sitesinin hizmetlerini sunmak, Web Sitesinin trafi\u011fini ve Kullan\u0131c\u0131lar\u0131n gereksinimlerini \u00f6l\u00e7mek (web sitesi kullan\u0131m istatistikleri \u00fcretmek), web sitesini iyile\u015ftirmek ve daha da geli\u015ftirmek, taleplerinize ve mesajlar\u0131n\u0131za yan\u0131t vermek, size yeni faaliyetleri, tan\u0131t\u0131m eylemleri, etkinlikleri, emlak piyasas\u0131 sekt\u00f6rlerindeki faaliyetleriyle ilgili haberler ve duyurular ve \u00f6nemli geli\u015fmeler hakk\u0131nda bilgilendirici materyal g\u00f6ndermek, size bilgilendirici ve\/veya reklam notlar\u0131 \u2013 b\u00fcltenler g\u00f6ndermek ve ayr\u0131ca \u015eirkete a\u00e7\u0131k\u00e7a belirtilmi\u015f veya Web Sitesindeki gezinme se\u00e7eneklerinizden, ilgi beyanlar\u0131n\u0131zdan, &#8220;favoriler&#8221; se\u00e7imlerinizden anla\u015f\u0131lan tercihlerinize g\u00f6re i\u015fbirli\u011fi ilgisi g\u00f6stermek ve i\u015f zekas\u0131 amac\u0131yla verilerinizi toplu bir temelde analiz etmek i\u00e7in kullan\u0131r.<\/p>\n<p><strong>Ki\u015fisel verilerinizi nas\u0131l kullan\u0131yoruz?<\/strong> Sitemizi ziyaret etti\u011finizde veya bizimle bir ileti\u015fim yoluyla bize sa\u011flad\u0131\u011f\u0131n\u0131zda ki\u015fisel verilerinizi toplar, i\u015fler ve kullan\u0131r\u0131z. Ki\u015fisel verilerinizi her zaman Avrupa ve Ulusal mevzuata ve bu gizlilik politikas\u0131na ba\u011fl\u0131 kalarak kullan\u0131r\u0131z. Bir\u00e7ok durumda, ki\u015fisel verileriniz anonimle\u015ftirme veya takma adla\u015ft\u0131rma i\u015fleminden sonra kullan\u0131l\u0131r.<\/p>\n<p><strong>a) B\u00fcltenler \u2013 Tan\u0131t\u0131m Faaliyetleri \u2013 Teklifler<\/strong> \u0130lgili onay\u0131 verdiyseniz, bizimle ileti\u015fiminiz s\u0131ras\u0131nda daha \u00f6nce bildirdi\u011finiz e-posta adresinden sizinle ileti\u015fime ge\u00e7erek \u00fcr\u00fcn ve hizmetler \u00f6nerebilir ve di\u011fer tan\u0131t\u0131m faaliyetleri ve \u00f6zel teklifler i\u00e7in sizinle temasa ge\u00e7ebiliriz. Bu e-posta i\u015flevine istedi\u011finiz zaman kar\u015f\u0131 \u00e7\u0131kabilirsiniz.<\/p>\n<p>E-postalar\u0131m\u0131z\u0131 okumaktan keyif alman\u0131z\u0131 istiyoruz ve i\u00e7eriklerini s\u00fcrekli iyile\u015ftirmek ve bu verileri istatistiksel ama\u00e7larla kullanmak i\u00e7in mesaj a\u00e7\u0131lma ve t\u0131klama oranlar\u0131n\u0131 \u00f6l\u00e7\u00fcyor ve sakl\u0131yoruz.<\/p>\n<p><strong>b) \u00c7e\u015fitli<\/strong> Web sitemize eri\u015fiminizden, herhangi bir telefon g\u00f6r\u00fc\u015fmenizden veya e-posta veya ileti\u015fim formu arac\u0131l\u0131\u011f\u0131yla ileti\u015fiminizden elde etti\u011fimiz ki\u015fisel verileri ve teknik bilgileri toplar, i\u015fler ve saklar\u0131z: a) yaln\u0131zca bizimle olan \u00f6zel ileti\u015fiminizin amac\u0131 kapsam\u0131nda, b) web sitemizdeki k\u00f6t\u00fcye kullan\u0131m\u0131 veya di\u011fer yasa d\u0131\u015f\u0131 davran\u0131\u015flar\u0131 \u00f6nlemek veya kovu\u015fturmak i\u00e7in gerekli oldu\u011fu \u00f6l\u00e7\u00fcde, c) Yasa taraf\u0131ndan gerektiriliyorsa veya bir devlet kurumu taraf\u0131ndan yasal olarak zorunlu k\u0131l\u0131n\u0131yorsa, \u00f6rne\u011fin resmi bir talimat veya bir Mahkeme veya di\u011fer Yetkililerin karar\u0131 do\u011frultusunda ve d) haklar\u0131m\u0131z\u0131 ve taleplerimizi g\u00fcvence alt\u0131na almak i\u00e7in.<\/p>\n<p><strong>c) VER\u0130 \u0130\u015eLEMEN\u0130N YASAL DAYANA\u011eI<\/strong> Verilerinizin i\u015flenmesinin yasal dayana\u011f\u0131, \u015eirketimizin me\u015fru menfaatlerinin ama\u00e7lar\u0131n\u0131 yerine getirmek i\u00e7in gereklili\u011fidir (Avrupa Genel Veri Koruma Y\u00f6netmeli\u011fi &#8220;GDPR&#8221; Madde 6 (1f) uyar\u0131nca). Sizinle emlak hizmetlerinin sa\u011flanmas\u0131na ili\u015fkin bir s\u00f6zle\u015fme yapt\u0131\u011f\u0131m\u0131zda, bu s\u00f6zle\u015fmeyle ba\u011flant\u0131l\u0131 olarak toplanan ki\u015fisel verilerinizin toplanmas\u0131n\u0131n ve genel olarak i\u015flenmesinin yasal dayana\u011f\u0131, s\u00f6zle\u015fmenin yerine getirilmesi i\u00e7in gerekliliktir (Madde 6(1b) GDPR). Ayr\u0131ca, yukar\u0131daki yasal dayanaklardan hi\u00e7birinin bulunmad\u0131\u011f\u0131 durumlarda, ki\u015fisel verileriniz sizden ayr\u0131 olarak istenecek olan onay\u0131n\u0131zla aktar\u0131labilir (Madde 6(1a) GDPR). Onay istendi\u011finde, bunu istedi\u011finiz zaman geri \u00e7ekebilirsiniz. Bu eyleminiz, geri \u00e7ekmeden \u00f6nce onay verdi\u011finiz verilerinizin \u00f6nceki i\u015flenmesini yasa d\u0131\u015f\u0131 hale getirmez.<\/p>\n<p><strong>IV) Veri ve \u0130\u015flem G\u00fcvenli\u011fi<\/strong><\/p>\n<p>Ki\u015fisel verilerinizin g\u00fcvenli\u011fi bizim i\u00e7in y\u00fcksek bir \u00f6nceliktir. Bu nedenle, bizde saklanan verilerinizi, \u00fc\u00e7\u00fcnc\u00fc \u015fah\u0131slar taraf\u0131ndan kay\u0131p veya k\u00f6t\u00fcye kullan\u0131lmas\u0131n\u0131 etkili bir \u015fekilde \u00f6nlemek i\u00e7in uygun teknik ve organizasyonel \u00f6nlemlerle koruyoruz. \u00d6zellikle, ki\u015fisel verileri i\u015fleyen \u00e7al\u0131\u015fanlar\u0131m\u0131z gizlili\u011fe uymakla y\u00fck\u00fcml\u00fcd\u00fcr. Verilerinizin uzun vadeli korunmas\u0131n\u0131 sa\u011flamak i\u00e7in, teknik g\u00fcvenlik \u00f6nlemleri d\u00fczenli olarak denetlenir ve gerekirse, ilgili ge\u00e7erli teknoloji standartlar\u0131yla g\u00fcncellenir.<\/p>\n<p>Uygun g\u00fcvenlik seviyesini uyguluyoruz ve bu nedenle toplad\u0131\u011f\u0131m\u0131z verileri kazara veya yasa d\u0131\u015f\u0131 imha, kay\u0131p, de\u011fi\u015ftirme, yetkisiz if\u015fa veya aktar\u0131lan, saklanan veya ba\u015fka bir \u015fekilde i\u015flenen ki\u015fisel verilere eri\u015fime kar\u015f\u0131 korumak i\u00e7in makul fiziksel, elektronik ve idari prosed\u00fcrler uygulad\u0131k. Bilgi g\u00fcvenli\u011fi politikas\u0131 prosed\u00fcrlerimiz, yayg\u0131n olarak kabul edilen uluslararas\u0131 standartlarla yak\u0131ndan uyumludur ve i\u015f ihtiya\u00e7lar\u0131m\u0131z\u0131, teknolojideki de\u011fi\u015fiklikleri ve d\u00fczenleyici gereklilikleri kar\u015f\u0131lamak i\u00e7in gerekti\u011finde d\u00fczenli olarak g\u00f6zden ge\u00e7irilir ve g\u00fcncellenir. Ki\u015fisel verilerinize eri\u015fim, yaln\u0131zca sipari\u015flere hizmet vermek i\u00e7in bu t\u00fcr bilgilere sahip olmas\u0131 gereken \u015eirket personeline veya do\u011frudan ortaklar\u0131na verilir. Ki\u015fisel verileri i\u00e7eren bir veri ihlali durumunda, \u015eirket ihlalin bildirilmesiyle ilgili y\u00fcr\u00fcrl\u00fckteki yasalara uyacakt\u0131r.<\/p>\n<p><strong>V) Veri Saklama S\u00fcresi<\/strong><\/p>\n<p>Verilerinizi yaln\u0131zca toplanma ama\u00e7lar\u0131n\u0131 yerine getirmek i\u00e7in gerekli oldu\u011fu s\u00fcrece saklar ve i\u015fleriz. Web sitesini ziyaret etti\u011finizde otomatik olarak toplad\u0131\u011f\u0131m\u0131z verilerinizi alt\u0131 ay\u0131 ge\u00e7meyecek bir s\u00fcre boyunca saklayaca\u011f\u0131z. B\u00fcltenimize abone olduysan\u0131z, e-posta adresinizi b\u00fcltenimizden aboneli\u011finizi iptal edene kadar saklayaca\u011f\u0131z. Web sitemize bir hesap olu\u015fturarak kaydolduysan\u0131z, verilerinizi hesab\u0131n\u0131z var oldu\u011fu s\u00fcrece ve o andan itibaren yaln\u0131zca verilerinizi yasal olarak saklamakla y\u00fck\u00fcml\u00fc oldu\u011fumuz s\u00fcrece saklayaca\u011f\u0131z. Ayr\u0131ca, franchise a\u011f\u0131m\u0131z\u0131n di\u011fer \u00fcyelerinden ald\u0131\u011f\u0131m\u0131z ki\u015fisel verilerinizi en az\u0131ndan bu a\u011f \u00fcyelerinden herhangi biriyle olan i\u015f ili\u015fkinizin sona ermesine kadar ve o andan itibaren yasal saklama y\u00fck\u00fcml\u00fcl\u00fc\u011f\u00fc veya olas\u0131 taleplerin zaman a\u015f\u0131m\u0131na u\u011framad\u0131\u011f\u0131 s\u00fcrece saklayaca\u011f\u0131z. Ayn\u0131 durum, sizinle imzalad\u0131\u011f\u0131m\u0131z bir s\u00f6zle\u015fmenin y\u00fcr\u00fct\u00fclmesi ba\u011flam\u0131nda toplad\u0131\u011f\u0131m\u0131z ki\u015fisel verileriniz i\u00e7in de ge\u00e7erlidir.<\/p>\n<p><strong>VI) Haklar ve Hukuki Yollar<\/strong><\/p>\n<p>Ki\u015fisel verilerin korunmas\u0131na ili\u015fkin mevcut mevzuat uyar\u0131nca, (i) ne t\u00fcr ki\u015fisel verilerinizi elimizde tuttu\u011fumuzu kontrol etme ve bu ki\u015fisel verilerinize eri\u015fme veya kopyalar\u0131n\u0131 talep etme, (ii) yanl\u0131\u015f olan veya y\u00fcr\u00fcrl\u00fckteki d\u00fczenlemelere uymayan yollarla elde edilen ki\u015fisel verilerinizin d\u00fczeltilmesini, tamamlanmas\u0131n\u0131 veya silinmesini talep etme, (iii) ki\u015fisel verilerinizin toplanmas\u0131n\u0131, i\u015flenmesini veya kullan\u0131lmas\u0131n\u0131 k\u0131s\u0131tlamam\u0131z\u0131 talep etme, (iv) istisnai durumlarda, me\u015fru nedenlerle ki\u015fisel verilerinizin i\u015flenmesine izin vermeme, (v) ki\u015fisel verilerinizin i\u015flenmesinin onay\u0131n\u0131za dayand\u0131\u011f\u0131 \u00f6l\u00e7\u00fcde, verilerinizin aktar\u0131lmas\u0131n\u0131 talep etme, (vi) ki\u015fisel verilerinizin aktar\u0131ld\u0131\u011f\u0131 \u00fc\u00e7\u00fcnc\u00fc \u015fah\u0131slar\u0131n kimli\u011fini bilme ve (vii) \u00f6l\u00fcm\u00fcn\u00fczden sonra ki\u015fisel verilerinizin nas\u0131l y\u00f6netilece\u011fi konusunda talimatlar verme hakk\u0131na sahipsiniz.<\/p>\n<p><strong>\u00c7E\u015e\u0130TL\u0130<\/strong><\/p>\n<p>\u015eirket, gerekli g\u00f6rd\u00fc\u011f\u00fc her zaman ve her zaman i\u015f ahlak\u0131na uygun olarak Ki\u015fisel Verilerin Korunmas\u0131 Beyan\u0131n\u0131 tek tarafl\u0131 olarak de\u011fi\u015ftirme, yenileme veya revize etme hakk\u0131n\u0131 sakl\u0131 tutar. De\u011fi\u015fiklik veya yenileme, bu metnin herhangi bir de\u011fi\u015fiklik veya modifikasyon i\u00e7in g\u00fcncellendi\u011fi andan itibaren ge\u00e7erli olacakt\u0131r. B\u00f6yle bir durumda, Kullan\u0131c\u0131n\u0131n onay\u0131 yeniden istenecektir.<\/p>\n<p>Bu Ki\u015fisel Verilerin Korunmas\u0131 Beyan\u0131 Yunan Hukukuna tabidir. Bundan kaynaklanabilecek her t\u00fcrl\u00fc anla\u015fmazl\u0131\u011f\u0131n \u00e7\u00f6z\u00fcm\u00fc i\u00e7in m\u00fcnhas\u0131ran Atina mahkemeleri yetkili olacakt\u0131r.<\/p>\n<p><strong>VII. Bu Ki\u015fisel Verilerin Korunmas\u0131 Bilgilerindeki De\u011fi\u015fiklikler<\/strong><\/p>\n<p>M\u00fc\u015fterilerimize her zaman cazip \u00fcr\u00fcn teklifleri sunmak ve bu nedenle \u00fcr\u00fcn yelpazemizi s\u00fcrekli olarak m\u00fc\u015fterilerimizin isteklerine g\u00f6re ayarlamak istiyoruz. Sonu\u00e7 olarak, bu veri koruma bilgilerinin yeniden yenilenmesi ve de\u011fi\u015ftirilmesi gerekli olabilir. Bu nedenle, bu sayfadaki herhangi bir de\u011fi\u015fiklik hakk\u0131nda d\u00fczenli olarak bilgi alman\u0131z\u0131 \u00f6neririz.<\/p>\n<p>Bu t\u00fcr de\u011fi\u015fikliklerin sizin taraf\u0131n\u0131zdan verilen onay\u0131 etkileyebilece\u011fi \u00f6l\u00e7\u00fcde, sizi bu konuda ayr\u0131ca bilgilendirece\u011fiz.<\/p>\n","protected":false},"excerpt":{"rendered":"<p>K\u0130\u015e\u0130SEL VER\u0130LER\u0130N KORUNMASI Web sitemizi ziyaret eden herkesin gizlili\u011finin, ki\u015fisel bilgilerinin ve verilerinin korunmas\u0131, t\u00fcm hizmetlerimizden m\u00fcmk\u00fcn olan en y\u00fcksek g\u00fcvenlikle yararlanabilmeniz i\u00e7in \u00f6nceli\u011fimizdir. Bu s\u00fcrekli \u00e7aban\u0131n bir par\u00e7as\u0131 olarak, a\u015fa\u011f\u0131da i\u015fledi\u011fimiz verilerin niteli\u011fini ve i\u015flenme \u015feklini ve bu konudaki haklar\u0131n\u0131z\u0131 a\u00e7\u0131klayaca\u011f\u0131z. Web Sitesine g\u00f6z atman\u0131z ve kullanman\u0131z, bu Ki\u015fisel Verilerin Korunmas\u0131 Ko\u015fullar\u0131n\u0131 a\u00e7\u0131k\u00e7a ve [&hellip;]<\/p>\n","protected":false},"author":4,"featured_media":0,"parent":0,"menu_order":0,"comment_status":"closed","ping_status":"closed","template":"template\/template-page.php","meta":{"_acf_changed":false,"footnotes":""},"class_list":["post-28291","page","type-page","status-publish","hentry"],"acf":[],"_links":{"self":[{"href":"https:\/\/kymba.gr\/tr\/wp-json\/wp\/v2\/pages\/28291","targetHints":{"allow":["GET"]}}],"collection":[{"href":"https:\/\/kymba.gr\/tr\/wp-json\/wp\/v2\/pages"}],"about":[{"href":"https:\/\/kymba.gr\/tr\/wp-json\/wp\/v2\/types\/page"}],"author":[{"embeddable":true,"href":"https:\/\/kymba.gr\/tr\/wp-json\/wp\/v2\/users\/4"}],"replies":[{"embeddable":true,"href":"https:\/\/kymba.gr\/tr\/wp-json\/wp\/v2\/comments?post=28291"}],"version-history":[{"count":0,"href":"https:\/\/kymba.gr\/tr\/wp-json\/wp\/v2\/pages\/28291\/revisions"}],"wp:attachment":[{"href":"https:\/\/kymba.gr\/tr\/wp-json\/wp\/v2\/media?parent=28291"}],"curies":[{"name":"wp","href":"https:\/\/api.w.org\/{rel}","templated":true}]}}