

{"id":28284,"date":"2025-05-21T23:36:29","date_gmt":"2025-05-21T20:36:29","guid":{"rendered":"https:\/\/kymba.gr\/cerezler\/"},"modified":"2025-05-21T23:36:29","modified_gmt":"2025-05-21T20:36:29","slug":"cerezler","status":"publish","type":"page","link":"https:\/\/kymba.gr\/tr\/cerezler\/","title":{"rendered":"\u00c7erezler"},"content":{"rendered":"<p>Kymba.gr, web sitesi arac\u0131l\u0131\u011f\u0131yla hizmetlerinin kolayla\u015ft\u0131r\u0131lmas\u0131 ve i\u015fletilmesinin bir par\u00e7as\u0131 olarak \u00e7erezleri kullanma yetene\u011fine sahiptir. \u00c7erezler, kullan\u0131c\u0131n\u0131n bilgisayar\u0131na g\u00f6nderilen ve saklanan k\u00fc\u00e7\u00fck dosyalard\u0131r (metin dosyalar\u0131). Bu dosyalar, kymba.gr gibi web sitelerinin kesintisiz ve teknik anormallikler olmadan \u00e7al\u0131\u015fmas\u0131na, \u00e7oklu kullan\u0131c\u0131 tercihlerinin toplanmas\u0131na, s\u0131k kullan\u0131c\u0131lar\u0131n tan\u0131nmas\u0131na, siteye eri\u015fimlerinin kolayla\u015ft\u0131r\u0131lmas\u0131na ve web sitesi i\u00e7eri\u011fini iyile\u015ftirmek i\u00e7in veri toplanmas\u0131na olanak tan\u0131r. \u00c7erezler, kullan\u0131c\u0131lar\u0131n bilgisayarlar\u0131na veya bu bilgisayarlarda saklanan dosyalara zarar vermez. \u00c7erezleri size bilgi sa\u011flamak ve ilgi alanlar\u0131n\u0131za ve ihtiya\u00e7lar\u0131n\u0131za uygun reklam ve e\u011fitici i\u00e7erik sunmam\u0131za olanak tan\u0131mak i\u00e7in kullan\u0131yoruz. <a href=\"https:\/\/kymba.gr\/tr\">Www.kymba.gr<\/a> web sitesinin d\u00fczg\u00fcn ve sorunsuz \u00e7al\u0131\u015fmas\u0131 i\u00e7in \u00e7erezlerin kesinlikle gerekli oldu\u011funu unutmaman\u0131z gerekir.<\/p>\n<p>\u00c7erezler a\u015fa\u011f\u0131daki kategorilere ayr\u0131l\u0131r:<\/p>\n<ul>\n<li><strong>Gerekli \u00c7erezler.<\/strong> Sepete \u00fcr\u00fcn ekleme, \u00fcr\u00fcnleri istek listesine kaydetme, elektronik \u00f6deme gibi sitenin temel i\u015flevlerinin y\u00fcr\u00fct\u00fclmesine izin verirler. Bu gerekli \u00c7erezler olmadan, e-ma\u011fazan\u0131n sorunsuz \u00e7al\u0131\u015fmas\u0131 do\u011frudan etkilenir, ki\u015fisel gezinme deneyiminiz s\u0131n\u0131rlan\u0131r ve temel e-ticaret i\u015flevleri yetersiz kal\u0131r.<\/li>\n<li><strong>\u0130\u015flevsellik \u00c7erezleri.<\/strong> Bu \u00e7erezler, web sitemizde gezinirken tercihlerinizi hat\u0131rlar, b\u00f6ylece ihtiya\u00e7lar\u0131n\u0131za g\u00f6re size uygun \u00fcr\u00fcnleri \u00f6nerebilir ve arad\u0131\u011f\u0131n\u0131z\u0131 \u00e7ok daha kolay bulman\u0131za yard\u0131mc\u0131 olabiliriz.<\/li>\n<li><strong>Performans \u00c7erezleri.<\/strong> Performans \u00e7erezleri, ziyaret\u00e7ilerin web sitemizi nas\u0131l kulland\u0131\u011f\u0131 hakk\u0131nda bilgi toplar. Hangi sayfalar\u0131n daha s\u0131k ziyaret edildi\u011fini g\u00f6rmemizi, gezinme s\u0131ras\u0131nda bir sorunla kar\u015f\u0131la\u015f\u0131p kar\u015f\u0131la\u015fmad\u0131klar\u0131n\u0131 bize bildirmelerini sa\u011flar. Bu \u00e7erezler, bilgiler toplu ve dolay\u0131s\u0131yla anonim oldu\u011fu i\u00e7in ziyaret\u00e7iyi tan\u0131mlayan bilgiler toplamaz. Yaln\u0131zca kymba.gr&#8217;nin \u00e7al\u0131\u015fma \u015feklini iyile\u015ftirmek i\u00e7in kullan\u0131l\u0131rlar.<\/li>\n<li><strong>Reklam \u00c7erezleri.<\/strong> Bu \u00e7erezler, size ve ilgi alanlar\u0131n\u0131za uygun reklamlar sunmak i\u00e7in kullan\u0131l\u0131r. Ayr\u0131ca, istenmeyen ve anlams\u0131z reklam mesajlar\u0131n\u0131 s\u0131n\u0131rlayarak ihtiya\u00e7lar\u0131n\u0131za daha uygun reklamlar veya teklifler g\u00f6ndermek i\u00e7in de kullan\u0131l\u0131rlar. Ayr\u0131ca reklam kampanyalar\u0131m\u0131z\u0131n etkinli\u011fini \u00f6l\u00e7memize yard\u0131mc\u0131 olurlar.<\/li>\n<li><strong>Analiz \u00c7erezleri.<\/strong> Bunlar \u0130\u015flevsellik \u00c7erezlerinin bir alt k\u00fcmesidir ve web sitemizin \u00e7e\u015fitli i\u015flevlerinin etkinli\u011fini de\u011ferlendirmemize olanak tan\u0131r, b\u00f6ylece size sundu\u011fumuz deneyimi s\u00fcrekli olarak geli\u015ftiririz.<\/li>\n<\/ul>\n","protected":false},"excerpt":{"rendered":"<p>Kymba.gr, web sitesi arac\u0131l\u0131\u011f\u0131yla hizmetlerinin kolayla\u015ft\u0131r\u0131lmas\u0131 ve i\u015fletilmesinin bir par\u00e7as\u0131 olarak \u00e7erezleri kullanma yetene\u011fine sahiptir. \u00c7erezler, kullan\u0131c\u0131n\u0131n bilgisayar\u0131na g\u00f6nderilen ve saklanan k\u00fc\u00e7\u00fck dosyalard\u0131r (metin dosyalar\u0131). Bu dosyalar, kymba.gr gibi web sitelerinin kesintisiz ve teknik anormallikler olmadan \u00e7al\u0131\u015fmas\u0131na, \u00e7oklu kullan\u0131c\u0131 tercihlerinin toplanmas\u0131na, s\u0131k kullan\u0131c\u0131lar\u0131n tan\u0131nmas\u0131na, siteye eri\u015fimlerinin kolayla\u015ft\u0131r\u0131lmas\u0131na ve web sitesi i\u00e7eri\u011fini iyile\u015ftirmek i\u00e7in veri toplanmas\u0131na [&hellip;]<\/p>\n","protected":false},"author":2,"featured_media":0,"parent":0,"menu_order":0,"comment_status":"closed","ping_status":"closed","template":"template\/template-page.php","meta":{"_acf_changed":false,"footnotes":""},"class_list":["post-28284","page","type-page","status-publish","hentry"],"acf":[],"_links":{"self":[{"href":"https:\/\/kymba.gr\/tr\/wp-json\/wp\/v2\/pages\/28284","targetHints":{"allow":["GET"]}}],"collection":[{"href":"https:\/\/kymba.gr\/tr\/wp-json\/wp\/v2\/pages"}],"about":[{"href":"https:\/\/kymba.gr\/tr\/wp-json\/wp\/v2\/types\/page"}],"author":[{"embeddable":true,"href":"https:\/\/kymba.gr\/tr\/wp-json\/wp\/v2\/users\/2"}],"replies":[{"embeddable":true,"href":"https:\/\/kymba.gr\/tr\/wp-json\/wp\/v2\/comments?post=28284"}],"version-history":[{"count":0,"href":"https:\/\/kymba.gr\/tr\/wp-json\/wp\/v2\/pages\/28284\/revisions"}],"wp:attachment":[{"href":"https:\/\/kymba.gr\/tr\/wp-json\/wp\/v2\/media?parent=28284"}],"curies":[{"name":"wp","href":"https:\/\/api.w.org\/{rel}","templated":true}]}}