

{"id":25366,"date":"2025-05-26T23:09:16","date_gmt":"2025-05-26T20:09:16","guid":{"rendered":"https:\/\/kymba.gr\/gayrimenkul-talebi\/"},"modified":"2025-07-19T12:50:19","modified_gmt":"2025-07-19T09:50:19","slug":"gayrimenkul-talebi","status":"publish","type":"page","link":"https:\/\/kymba.gr\/tr\/gayrimenkul-talebi\/","title":{"rendered":"Gayrimenkul Talebi"},"content":{"rendered":"\t\t<div data-elementor-type=\"wp-page\" data-elementor-id=\"25366\" class=\"elementor elementor-25366 elementor-18093\" data-elementor-post-type=\"page\">\n\t\t\t\t<div class=\"elementor-element elementor-element-9d582e1 e-flex e-con-boxed e-con e-parent\" data-id=\"9d582e1\" data-element_type=\"container\" data-settings=\"{&quot;background_background&quot;:&quot;classic&quot;}\">\n\t\t\t\t\t<div class=\"e-con-inner\">\n\t\t<div class=\"elementor-element elementor-element-d8d28f9 e-con-full e-flex e-con e-child\" data-id=\"d8d28f9\" data-element_type=\"container\" data-settings=\"{&quot;background_background&quot;:&quot;classic&quot;}\">\n\t\t\t\t<\/div>\n\t\t\t\t\t<\/div>\n\t\t\t\t<\/div>\n\t\t<div class=\"elementor-element elementor-element-fa7ff80 e-flex e-con-boxed e-con e-parent\" data-id=\"fa7ff80\" data-element_type=\"container\" data-settings=\"{&quot;background_background&quot;:&quot;classic&quot;}\">\n\t\t\t\t\t<div class=\"e-con-inner\">\n\t\t<div class=\"elementor-element elementor-element-d853056 e-con-full e-flex elementor-invisible e-con e-child\" data-id=\"d853056\" data-element_type=\"container\" data-settings=\"{&quot;animation&quot;:&quot;fadeIn&quot;}\">\n\t\t\t\t<div class=\"elementor-element elementor-element-445ed2c elementor-widget elementor-widget-heading\" data-id=\"445ed2c\" data-element_type=\"widget\" data-widget_type=\"heading.default\">\n\t\t\t\t<div class=\"elementor-widget-container\">\n\t\t\t\t\t<h2 class=\"elementor-heading-title elementor-size-default\"><span style=\"color:#C68E46\">Gayrimenkul Talebi<\/span>Formu<\/h2>\t\t\t\t<\/div>\n\t\t\t\t<\/div>\n\t\t\t\t<div class=\"elementor-element elementor-element-d5f4149 elementor-widget elementor-widget-text-editor\" data-id=\"d5f4149\" data-element_type=\"widget\" data-widget_type=\"text-editor.default\">\n\t\t\t\t<div class=\"elementor-widget-container\">\n\t\t\t\t\t\t\t\t\t<p>Emlak talep formunu doldurun, hemen sizinle ileti\u015fime ge\u00e7elim.<\/p>\n\t\t\t\t\t\t\t\t<\/div>\n\t\t\t\t<\/div>\n\t\t\t\t<\/div>\n\t\t<div class=\"elementor-element elementor-element-b758d04 e-con-full e-flex elementor-invisible e-con e-child\" data-id=\"b758d04\" data-element_type=\"container\" data-settings=\"{&quot;animation&quot;:&quot;fadeIn&quot;}\">\n\t\t\t\t<div class=\"elementor-element elementor-element-e936551 elementor-button-align-end elementor-widget elementor-widget-form\" data-id=\"e936551\" data-element_type=\"widget\" data-settings=\"{&quot;step_next_label&quot;:&quot;Next&quot;,&quot;step_previous_label&quot;:&quot;Previous&quot;,&quot;button_width&quot;:&quot;100&quot;,&quot;step_type&quot;:&quot;number_text&quot;,&quot;step_icon_shape&quot;:&quot;circle&quot;}\" data-widget_type=\"form.default\">\n\t\t\t\t<div class=\"elementor-widget-container\">\n\t\t\t\t\t\t\t<form class=\"elementor-form\" method=\"post\" name=\"Gayrimenkul Talebi Formu\" aria-label=\"Gayrimenkul Talebi Formu\">\n\t\t\t<input type=\"hidden\" name=\"post_id\" value=\"25366\"\/>\n\t\t\t<input type=\"hidden\" name=\"form_id\" value=\"e936551\"\/>\n\t\t\t<input type=\"hidden\" name=\"referer_title\" value=\"Gayrimenkul Talebi\" \/>\n\n\t\t\t\t\t\t\t<input type=\"hidden\" name=\"queried_id\" value=\"25366\"\/>\n\t\t\t\n\t\t\t<div class=\"elementor-form-fields-wrapper elementor-labels-\">\n\t\t\t\t\t\t\t\t<div class=\"elementor-field-type-select elementor-field-group elementor-column elementor-field-group-name elementor-col-33\">\n\t\t\t\t\t\t\t\t\t\t\t\t<label for=\"form-field-name\" class=\"elementor-field-label elementor-screen-only\">\n\t\t\t\t\t\t\t\tSat\u0131l\u0131k \/ Kiral\u0131k\t\t\t\t\t\t\t<\/label>\n\t\t\t\t\t\t\t\t<div class=\"elementor-field elementor-select-wrapper remove-before \">\n\t\t\t<div class=\"select-caret-down-wrapper\">\n\t\t\t\t<svg aria-hidden=\"true\" class=\"e-font-icon-svg e-eicon-caret-down\" viewBox=\"0 0 571.4 571.4\" xmlns=\"http:\/\/www.w3.org\/2000\/svg\"><path d=\"M571 393Q571 407 561 418L311 668Q300 679 286 679T261 668L11 418Q0 407 0 393T11 368 36 357H536Q550 357 561 368T571 393Z\"><\/path><\/svg>\t\t\t<\/div>\n\t\t\t<select name=\"form_fields[name]\" id=\"form-field-name\" class=\"elementor-field-textual elementor-size-lg\">\n\t\t\t\t\t\t\t\t\t<option value=\"Sat\u0131l\u0131k\">Sat\u0131l\u0131k<\/option>\n\t\t\t\t\t\t\t\t\t<option value=\"Kiral\u0131k\">Kiral\u0131k<\/option>\n\t\t\t\t\t\t\t<\/select>\n\t\t<\/div>\n\t\t\t\t\t\t<\/div>\n\t\t\t\t\t\t\t\t<div class=\"elementor-field-type-select elementor-field-group elementor-column elementor-field-group-email elementor-col-33 elementor-field-required\">\n\t\t\t\t\t\t\t\t\t\t\t\t<label for=\"form-field-email\" class=\"elementor-field-label elementor-screen-only\">\n\t\t\t\t\t\t\t\t\u0130kamet\t\t\t\t\t\t\t<\/label>\n\t\t\t\t\t\t\t\t<div class=\"elementor-field elementor-select-wrapper remove-before \">\n\t\t\t<div class=\"select-caret-down-wrapper\">\n\t\t\t\t<svg aria-hidden=\"true\" class=\"e-font-icon-svg e-eicon-caret-down\" viewBox=\"0 0 571.4 571.4\" xmlns=\"http:\/\/www.w3.org\/2000\/svg\"><path d=\"M571 393Q571 407 561 418L311 668Q300 679 286 679T261 668L11 418Q0 407 0 393T11 368 36 357H536Q550 357 561 368T571 393Z\"><\/path><\/svg>\t\t\t<\/div>\n\t\t\t<select name=\"form_fields[email]\" id=\"form-field-email\" class=\"elementor-field-textual elementor-size-lg\" required=\"required\">\n\t\t\t\t\t\t\t\t\t<option value=\"Konut\">Konut<\/option>\n\t\t\t\t\t\t\t\t\t<option value=\"Ticari\">Ticari<\/option>\n\t\t\t\t\t\t\t\t\t<option value=\"Geli\u015ftirilebilir Arazi\">Geli\u015ftirilebilir Arazi<\/option>\n\t\t\t\t\t\t\t\t\t<option value=\"Di\u011fer \u00d6zellikler\">Di\u011fer \u00d6zellikler<\/option>\n\t\t\t\t\t\t\t<\/select>\n\t\t<\/div>\n\t\t\t\t\t\t<\/div>\n\t\t\t\t\t\t\t\t<div class=\"elementor-field-type-select elementor-field-group elementor-column elementor-field-group-field_72d9d92 elementor-col-33 elementor-field-required\">\n\t\t\t\t\t\t\t\t\t\t\t\t<label for=\"form-field-field_72d9d92\" class=\"elementor-field-label elementor-screen-only\">\n\t\t\t\t\t\t\t\tEmlak T\u00fcr\u00fc\t\t\t\t\t\t\t<\/label>\n\t\t\t\t\t\t\t\t<div class=\"elementor-field elementor-select-wrapper remove-before \">\n\t\t\t<div class=\"select-caret-down-wrapper\">\n\t\t\t\t<svg aria-hidden=\"true\" class=\"e-font-icon-svg e-eicon-caret-down\" viewBox=\"0 0 571.4 571.4\" xmlns=\"http:\/\/www.w3.org\/2000\/svg\"><path d=\"M571 393Q571 407 561 418L311 668Q300 679 286 679T261 668L11 418Q0 407 0 393T11 368 36 357H536Q550 357 561 368T571 393Z\"><\/path><\/svg>\t\t\t<\/div>\n\t\t\t<select name=\"form_fields[field_72d9d92]\" id=\"form-field-field_72d9d92\" class=\"elementor-field-textual elementor-size-lg\" required=\"required\">\n\t\t\t\t\t\t\t\t\t<option value=\"Depo  \">Depo  <\/option>\n\t\t\t\t\t\t\t\t\t<option value=\"St\u00fcdyo  \">St\u00fcdyo  <\/option>\n\t\t\t\t\t\t\t\t\t<option value=\"Ofis  \">Ofis  <\/option>\n\t\t\t\t\t\t\t\t\t<option value=\"Daire  \">Daire  <\/option>\n\t\t\t\t\t\t\t\t\t<option value=\"Ticari Alan  \">Ticari Alan  <\/option>\n\t\t\t\t\t\t\t\t\t<option value=\"Ma\u011faza  \">Ma\u011faza  <\/option>\n\t\t\t\t\t\t\t\t\t<option value=\"Bina  \">Bina  <\/option>\n\t\t\t\t\t\t\t\t\t<option value=\"Di\u011fer Kategoriler  \">Di\u011fer Kategoriler  <\/option>\n\t\t\t\t\t\t\t\t\t<option value=\"Maisonette  \">Maisonette  <\/option>\n\t\t\t\t\t\t\t\t\t<option value=\"Ayr\u0131 Ev\">Ayr\u0131 Ev<\/option>\n\t\t\t\t\t\t\t<\/select>\n\t\t<\/div>\n\t\t\t\t\t\t<\/div>\n\t\t\t\t\t\t\t\t<div class=\"elementor-field-type-select elementor-field-group elementor-column elementor-field-group-field_f35c588 elementor-col-33 elementor-field-required\">\n\t\t\t\t\t\t\t\t\t\t\t\t<label for=\"form-field-field_f35c588\" class=\"elementor-field-label elementor-screen-only\">\n\t\t\t\t\t\t\t\tCo\u011frafi \u0130L\u00c7E\t\t\t\t\t\t\t<\/label>\n\t\t\t\t\t\t\t\t<div class=\"elementor-field elementor-select-wrapper remove-before \">\n\t\t\t<div class=\"select-caret-down-wrapper\">\n\t\t\t\t<svg aria-hidden=\"true\" class=\"e-font-icon-svg e-eicon-caret-down\" viewBox=\"0 0 571.4 571.4\" xmlns=\"http:\/\/www.w3.org\/2000\/svg\"><path d=\"M571 393Q571 407 561 418L311 668Q300 679 286 679T261 668L11 418Q0 407 0 393T11 368 36 357H536Q550 357 561 368T571 393Z\"><\/path><\/svg>\t\t\t<\/div>\n\t\t\t<select name=\"form_fields[field_f35c588]\" id=\"form-field-field_f35c588\" class=\"elementor-field-textual elementor-size-lg\" required=\"required\">\n\t\t\t\t\t\t\t\t\t<option value=\"Trakya  \">Trakya  <\/option>\n\t\t\t\t\t\t\t\t\t<option value=\"Makedonya  \">Makedonya  <\/option>\n\t\t\t\t\t\t\t\t\t<option value=\"Epirus  \">Epirus  <\/option>\n\t\t\t\t\t\t\t\t\t<option value=\"Teselya  \">Teselya  <\/option>\n\t\t\t\t\t\t\t\t\t<option value=\"Anakara Yunanistan  \">Anakara Yunanistan  <\/option>\n\t\t\t\t\t\t\t\t\t<option value=\"Mora  \">Mora  <\/option>\n\t\t\t\t\t\t\t\t\t<option value=\"Ege Adalar\u0131  \">Ege Adalar\u0131  <\/option>\n\t\t\t\t\t\t\t\t\t<option value=\"\u0130yon Adalar\u0131  \">\u0130yon Adalar\u0131  <\/option>\n\t\t\t\t\t\t\t\t\t<option value=\"Girit\">Girit<\/option>\n\t\t\t\t\t\t\t<\/select>\n\t\t<\/div>\n\t\t\t\t\t\t<\/div>\n\t\t\t\t\t\t\t\t<div class=\"elementor-field-type-select elementor-field-group elementor-column elementor-field-group-field_d11fb0a elementor-col-33 elementor-field-required\">\n\t\t\t\t\t\t\t\t\t\t\t\t<label for=\"form-field-field_d11fb0a\" class=\"elementor-field-label elementor-screen-only\">\n\t\t\t\t\t\t\t\tKanun\t\t\t\t\t\t\t<\/label>\n\t\t\t\t\t\t\t\t<div class=\"elementor-field elementor-select-wrapper remove-before \">\n\t\t\t<div class=\"select-caret-down-wrapper\">\n\t\t\t\t<svg aria-hidden=\"true\" class=\"e-font-icon-svg e-eicon-caret-down\" viewBox=\"0 0 571.4 571.4\" xmlns=\"http:\/\/www.w3.org\/2000\/svg\"><path d=\"M571 393Q571 407 561 418L311 668Q300 679 286 679T261 668L11 418Q0 407 0 393T11 368 36 357H536Q550 357 561 368T571 393Z\"><\/path><\/svg>\t\t\t<\/div>\n\t\t\t<select name=\"form_fields[field_d11fb0a]\" id=\"form-field-field_d11fb0a\" class=\"elementor-field-textual elementor-size-lg\" required=\"required\">\n\t\t\t\t\t\t\t\t\t<option value=\"Aitoloakarnania  \">Aitoloakarnania  <\/option>\n\t\t\t\t\t\t\t\t\t<option value=\"Larissa  \">Larissa  <\/option>\n\t\t\t\t\t\t\t\t\t<option value=\"Yanya  \">Yanya  <\/option>\n\t\t\t\t\t\t\t\t\t<option value=\"Ftiyot  \">Ftiyot  <\/option>\n\t\t\t\t\t\t\t\t\t<option value=\"Arcadia  \">Arcadia  <\/option>\n\t\t\t\t\t\t\t\t\t<option value=\"Evros  \">Evros  <\/option>\n\t\t\t\t\t\t\t\t\t<option value=\"Evia  \">Evia  <\/option>\n\t\t\t\t\t\t\t\t\t<option value=\"Serres  \">Serres  <\/option>\n\t\t\t\t\t\t\t\t\t<option value=\"Attika  \">Attika  <\/option>\n\t\t\t\t\t\t\t\t\t<option value=\"Selanik  \">Selanik  <\/option>\n\t\t\t\t\t\t\t\t\t<option value=\"Lakonia  \">Lakonia  <\/option>\n\t\t\t\t\t\t\t\t\t<option value=\"Kozani  \">Kozani  <\/option>\n\t\t\t\t\t\t\t\t\t<option value=\"Dram  \">Dram  <\/option>\n\t\t\t\t\t\t\t\t\t<option value=\"Trikala  \">Trikala  <\/option>\n\t\t\t\t\t\t\t\t\t<option value=\"Ahaya  \">Ahaya  <\/option>\n\t\t\t\t\t\t\t\t\t<option value=\"Messenia  \">Messenia  <\/option>\n\t\t\t\t\t\t\t\t\t<option value=\"Boiotia  \">Boiotia  <\/option>\n\t\t\t\t\t\t\t\t\t<option value=\"Halkidiki  \">Halkidiki  <\/option>\n\t\t\t\t\t\t\t\t\t<option value=\"Oniki Ada  \">Oniki Ada  <\/option>\n\t\t\t\t\t\t\t\t\t<option value=\"Kandiye  \">Kandiye  <\/option>\n\t\t\t\t\t\t\t\t\t<option value=\"Karditsa  \">Karditsa  <\/option>\n\t\t\t\t\t\t\t\t\t<option value=\"Magnezya  \">Magnezya  <\/option>\n\t\t\t\t\t\t\t\t\t<option value=\"\u0130lya  \">\u0130lya  <\/option>\n\t\t\t\t\t\t\t\t\t<option value=\"Kiklad Adalar\u0131  \">Kiklad Adalar\u0131  <\/option>\n\t\t\t\t\t\t\t\t\t<option value=\"Rodop  \">Rodop  <\/option>\n\t\t\t\t\t\t\t\t\t<option value=\"Kilkiler  \">Kilkiler  <\/option>\n\t\t\t\t\t\t\t\t\t<option value=\"Pella  \">Pella  <\/option>\n\t\t\t\t\t\t\t\t\t<option value=\"Hanya  \">Hanya  <\/option>\n\t\t\t\t\t\t\t\t\t<option value=\"Grevena  \">Grevena  <\/option>\n\t\t\t\t\t\t\t\t\t<option value=\"Korint  \">Korint  <\/option>\n\t\t\t\t\t\t\t\t\t<option value=\"Argolis  \">Argolis  <\/option>\n\t\t\t\t\t\t\t\t\t<option value=\"Midilli  \">Midilli  <\/option>\n\t\t\t\t\t\t\t\t\t<option value=\"Phokida  \">Phokida  <\/option>\n\t\t\t\t\t\t\t\t\t<option value=\"Kavala  \">Kavala  <\/option>\n\t\t\t\t\t\t\t\t\t<option value=\"Florina  \">Florina  <\/option>\n\t\t\t\t\t\t\t\t\t<option value=\"Evrytanya  \">Evrytanya  <\/option>\n\t\t\t\t\t\t\t\t\t<option value=\"Lasithi  \">Lasithi  <\/option>\n\t\t\t\t\t\t\t\t\t<option value=\"\u0130ske\u00e7e  \">\u0130ske\u00e7e  <\/option>\n\t\t\t\t\t\t\t\t\t<option value=\"Kesriye  \">Kesriye  <\/option>\n\t\t\t\t\t\t\t\t\t<option value=\"Imathia  \">Imathia  <\/option>\n\t\t\t\t\t\t\t\t\t<option value=\"Arta  \">Arta  <\/option>\n\t\t\t\t\t\t\t\t\t<option value=\"Pieria  \">Pieria  <\/option>\n\t\t\t\t\t\t\t\t\t<option value=\"Thesprotia  \">Thesprotia  <\/option>\n\t\t\t\t\t\t\t\t\t<option value=\"Resmo  \">Resmo  <\/option>\n\t\t\t\t\t\t\t\t\t<option value=\"Preveze  \">Preveze  <\/option>\n\t\t\t\t\t\t\t\t\t<option value=\"Sak\u0131z Adas\u0131  \">Sak\u0131z Adas\u0131  <\/option>\n\t\t\t\t\t\t\t\t\t<option value=\"\u0130dari b\u00f6lge Kefalonya  \">\u0130dari b\u00f6lge Kefalonya  <\/option>\n\t\t\t\t\t\t\t\t\t<option value=\"Samos  \">Samos  <\/option>\n\t\t\t\t\t\t\t\t\t<option value=\"Korfu  \">Korfu  <\/option>\n\t\t\t\t\t\t\t\t\t<option value=\"Zante  \">Zante  <\/option>\n\t\t\t\t\t\t\t\t\t<option value=\"Lefkada\">Lefkada<\/option>\n\t\t\t\t\t\t\t<\/select>\n\t\t<\/div>\n\t\t\t\t\t\t<\/div>\n\t\t\t\t\t\t\t\t<div class=\"elementor-field-type-text elementor-field-group elementor-column elementor-field-group-field_9666f16 elementor-col-33 elementor-field-required\">\n\t\t\t\t\t\t\t\t\t\t\t\t<label for=\"form-field-field_9666f16\" class=\"elementor-field-label elementor-screen-only\">\n\t\t\t\t\t\t\t\t\u015eehir\t\t\t\t\t\t\t<\/label>\n\t\t\t\t\t\t\t\t\t\t\t\t\t\t<input size=\"1\" type=\"text\" name=\"form_fields[field_9666f16]\" id=\"form-field-field_9666f16\" class=\"elementor-field elementor-size-lg  elementor-field-textual\" placeholder=\"\u015eehir\" required=\"required\">\n\t\t\t\t\t\t\t\t\t\t\t<\/div>\n\t\t\t\t\t\t\t\t<div class=\"elementor-field-type-text elementor-field-group elementor-column elementor-field-group-field_e84a570 elementor-col-33 elementor-field-required\">\n\t\t\t\t\t\t\t\t\t\t\t\t<label for=\"form-field-field_e84a570\" class=\"elementor-field-label elementor-screen-only\">\n\t\t\t\t\t\t\t\tB\u00f6lge\t\t\t\t\t\t\t<\/label>\n\t\t\t\t\t\t\t\t\t\t\t\t\t\t<input size=\"1\" type=\"text\" name=\"form_fields[field_e84a570]\" id=\"form-field-field_e84a570\" class=\"elementor-field elementor-size-lg  elementor-field-textual\" placeholder=\"B\u00f6lge\" required=\"required\">\n\t\t\t\t\t\t\t\t\t\t\t<\/div>\n\t\t\t\t\t\t\t\t<div class=\"elementor-field-type-number elementor-field-group elementor-column elementor-field-group-field_42bf36c elementor-col-33 elementor-field-required\">\n\t\t\t\t\t\t\t\t\t\t\t\t<label for=\"form-field-field_42bf36c\" class=\"elementor-field-label elementor-screen-only\">\n\t\t\t\t\t\t\t\tFiyat(\u20ac)\t\t\t\t\t\t\t<\/label>\n\t\t\t\t\t\t\t\t\t<input type=\"number\" name=\"form_fields[field_42bf36c]\" id=\"form-field-field_42bf36c\" class=\"elementor-field elementor-size-lg  elementor-field-textual\" placeholder=\"Fiyat(\u20ac)\" required=\"required\" min=\"\" max=\"\" >\n\t\t\t\t\t\t<\/div>\n\t\t\t\t\t\t\t\t<div class=\"elementor-field-type-number elementor-field-group elementor-column elementor-field-group-field_8ca3d64 elementor-col-33 elementor-field-required\">\n\t\t\t\t\t\t\t\t\t\t\t\t<label for=\"form-field-field_8ca3d64\" class=\"elementor-field-label elementor-screen-only\">\n\t\t\t\t\t\t\t\tMetrekare \/ Alan\t\t\t\t\t\t\t<\/label>\n\t\t\t\t\t\t\t\t\t<input type=\"number\" name=\"form_fields[field_8ca3d64]\" id=\"form-field-field_8ca3d64\" class=\"elementor-field elementor-size-lg  elementor-field-textual\" placeholder=\"Metrekare \/ Alan\" required=\"required\" min=\"\" max=\"\" >\n\t\t\t\t\t\t<\/div>\n\t\t\t\t\t\t\t\t<div class=\"elementor-field-type-html elementor-field-group elementor-column elementor-field-group-field_8821167 elementor-col-100\">\n\t\t\t\t\t<b>\u0130LET\u0130\u015e\u0130M B\u0130LG\u0130LER\u0130<\/b>\t\t\t\t<\/div>\n\t\t\t\t\t\t\t\t<div class=\"elementor-field-type-text elementor-field-group elementor-column elementor-field-group-field_42e27e9 elementor-col-50 elementor-field-required\">\n\t\t\t\t\t\t\t\t\t\t\t\t<label for=\"form-field-field_42e27e9\" class=\"elementor-field-label elementor-screen-only\">\n\t\t\t\t\t\t\t\t\u0130sim\t\t\t\t\t\t\t<\/label>\n\t\t\t\t\t\t\t\t\t\t\t\t\t\t<input size=\"1\" type=\"text\" name=\"form_fields[field_42e27e9]\" id=\"form-field-field_42e27e9\" class=\"elementor-field elementor-size-lg  elementor-field-textual\" placeholder=\"\u0130sim\" required=\"required\">\n\t\t\t\t\t\t\t\t\t\t\t<\/div>\n\t\t\t\t\t\t\t\t<div class=\"elementor-field-type-text elementor-field-group elementor-column elementor-field-group-field_652e835 elementor-col-50 elementor-field-required\">\n\t\t\t\t\t\t\t\t\t\t\t\t<label for=\"form-field-field_652e835\" class=\"elementor-field-label elementor-screen-only\">\n\t\t\t\t\t\t\t\tSoyad\u0131\t\t\t\t\t\t\t<\/label>\n\t\t\t\t\t\t\t\t\t\t\t\t\t\t<input size=\"1\" type=\"text\" name=\"form_fields[field_652e835]\" id=\"form-field-field_652e835\" class=\"elementor-field elementor-size-lg  elementor-field-textual\" placeholder=\"Soyad\u0131\" required=\"required\">\n\t\t\t\t\t\t\t\t\t\t\t<\/div>\n\t\t\t\t\t\t\t\t<div class=\"elementor-field-type-email elementor-field-group elementor-column elementor-field-group-field_email elementor-col-50 elementor-field-required\">\n\t\t\t\t\t\t\t\t\t\t\t\t<label for=\"form-field-field_email\" class=\"elementor-field-label elementor-screen-only\">\n\t\t\t\t\t\t\t\tEmail\t\t\t\t\t\t\t<\/label>\n\t\t\t\t\t\t\t\t\t\t\t\t\t\t<input size=\"1\" type=\"email\" name=\"form_fields[field_email]\" id=\"form-field-field_email\" class=\"elementor-field elementor-size-lg  elementor-field-textual\" placeholder=\"Email\" required=\"required\">\n\t\t\t\t\t\t\t\t\t\t\t<\/div>\n\t\t\t\t\t\t\t\t<div class=\"elementor-field-type-tel elementor-field-group elementor-column elementor-field-group-field_a84ef4b elementor-col-50\">\n\t\t\t\t\t\t\t\t\t\t\t\t<label for=\"form-field-field_a84ef4b\" class=\"elementor-field-label elementor-screen-only\">\n\t\t\t\t\t\t\t\tTelefon\t\t\t\t\t\t\t<\/label>\n\t\t\t\t\t\t\t\t<input size=\"1\" type=\"tel\" name=\"form_fields[field_a84ef4b]\" id=\"form-field-field_a84ef4b\" class=\"elementor-field elementor-size-lg  elementor-field-textual\" placeholder=\"Telefon\" pattern=\"[0-9()#&amp;+*-=.]+\" title=\"Only numbers and phone characters (#, -, *, etc) are accepted.\">\n\n\t\t\t\t\t\t<\/div>\n\t\t\t\t\t\t\t\t<div class=\"elementor-field-type-textarea elementor-field-group elementor-column elementor-field-group-field_7585929 elementor-col-100\">\n\t\t\t\t\t\t\t\t\t\t\t\t<label for=\"form-field-field_7585929\" class=\"elementor-field-label elementor-screen-only\">\n\t\t\t\t\t\t\t\tYorumlar\t\t\t\t\t\t\t<\/label>\n\t\t\t\t\t\t<textarea class=\"elementor-field-textual elementor-field  elementor-size-lg\" name=\"form_fields[field_7585929]\" id=\"form-field-field_7585929\" rows=\"4\" placeholder=\"Yorumlar\"><\/textarea>\t\t\t\t<\/div>\n\t\t\t\t\t\t\t\t<div class=\"elementor-field-type-acceptance elementor-field-group elementor-column elementor-field-group-field_1419bb9 elementor-col-100 elementor-field-required\">\n\t\t\t\t\t\t\t\t\t\t\t\t<label for=\"form-field-field_1419bb9\" class=\"elementor-field-label elementor-screen-only\">\n\t\t\t\t\t\t\t\tKabul\t\t\t\t\t\t\t<\/label>\n\t\t\t\t\t\t\t\t<div class=\"elementor-field-subgroup\">\n\t\t\t<span class=\"elementor-field-option\">\n\t\t\t\t<input type=\"checkbox\" name=\"form_fields[field_1419bb9]\" id=\"form-field-field_1419bb9\" class=\"elementor-field elementor-size-lg  elementor-acceptance-field\" required=\"required\">\n\t\t\t\t<label for=\"form-field-field_1419bb9\"><a href=\"https:\/\/kymba.gr\/tr\/kullanim-kosullari\/\" target=\"_blank\">Kullan\u0131m \u015eartlar\u0131<\/a>'n\u0131 okudum ve kabul ediyorum.*<\/span><\/label>\t\t\t<\/span>\n\t\t<\/div>\n\t\t\t\t\t\t<\/div>\n\t\t\t\t\t\t\t\t<div class=\"elementor-field-type-text\">\n\t\t\t\t\t<input size=\"1\" type=\"text\" name=\"form_fields[field_6f47461]\" id=\"form-field-field_6f47461\" class=\"elementor-field elementor-size-lg \" style=\"display:none !important;\">\t\t\t\t<\/div>\n\t\t\t\t\t\t\t\t<div class=\"elementor-field-group elementor-column elementor-field-type-submit elementor-col-100 e-form__buttons\">\n\t\t\t\t\t<button class=\"elementor-button elementor-size-md\" type=\"submit\">\n\t\t\t\t\t\t<span class=\"elementor-button-content-wrapper\">\n\t\t\t\t\t\t\t\t\t\t\t\t\t\t\t\t\t\t\t\t\t\t<span class=\"elementor-button-text\">G\u00d6NDERMEK<\/span>\n\t\t\t\t\t\t\t\t\t\t\t\t\t<\/span>\n\t\t\t\t\t<\/button>\n\t\t\t\t<\/div>\n\t\t\t<\/div>\n\t\t<\/form>\n\t\t\t\t\t\t<\/div>\n\t\t\t\t<\/div>\n\t\t\t\t<\/div>\n\t\t\t\t\t<\/div>\n\t\t\t\t<\/div>\n\t\t\t\t<\/div>\n\t\t","protected":false},"excerpt":{"rendered":"<p>Gayrimenkul TalebiFormu Emlak talep formunu doldurun, hemen sizinle ileti\u015fime ge\u00e7elim.<\/p>\n","protected":false},"author":2,"featured_media":0,"parent":0,"menu_order":0,"comment_status":"closed","ping_status":"closed","template":"elementor_header_footer","meta":{"_acf_changed":false,"footnotes":""},"class_list":["post-25366","page","type-page","status-publish","hentry"],"acf":[],"_links":{"self":[{"href":"https:\/\/kymba.gr\/tr\/wp-json\/wp\/v2\/pages\/25366","targetHints":{"allow":["GET"]}}],"collection":[{"href":"https:\/\/kymba.gr\/tr\/wp-json\/wp\/v2\/pages"}],"about":[{"href":"https:\/\/kymba.gr\/tr\/wp-json\/wp\/v2\/types\/page"}],"author":[{"embeddable":true,"href":"https:\/\/kymba.gr\/tr\/wp-json\/wp\/v2\/users\/2"}],"replies":[{"embeddable":true,"href":"https:\/\/kymba.gr\/tr\/wp-json\/wp\/v2\/comments?post=25366"}],"version-history":[{"count":8,"href":"https:\/\/kymba.gr\/tr\/wp-json\/wp\/v2\/pages\/25366\/revisions"}],"predecessor-version":[{"id":28439,"href":"https:\/\/kymba.gr\/tr\/wp-json\/wp\/v2\/pages\/25366\/revisions\/28439"}],"wp:attachment":[{"href":"https:\/\/kymba.gr\/tr\/wp-json\/wp\/v2\/media?parent=25366"}],"curies":[{"name":"wp","href":"https:\/\/api.w.org\/{rel}","templated":true}]}}